{"id":98,"date":"2025-05-14T09:51:43","date_gmt":"2025-05-14T09:51:43","guid":{"rendered":"https:\/\/www.driveterceira.com\/contactos\/"},"modified":"2025-06-17T16:20:15","modified_gmt":"2025-06-17T16:20:15","slug":"contactos","status":"publish","type":"page","link":"https:\/\/www.driveterceira.com\/pt-pt\/contactos\/","title":{"rendered":"Contactos"},"content":{"rendered":"<p>[et_pb_section fb_built=&#8221;1&#8243; _builder_version=&#8221;4.27.4&#8243; _module_preset=&#8221;default&#8221; use_background_color_gradient=&#8221;on&#8221; background_color_gradient_stops=&#8221;rgba(0,124,176,0.8) 0%|rgba(0,124,176,0.8) 100%&#8221; background_color_gradient_overlays_image=&#8221;on&#8221; background_image=&#8221;https:\/\/www.driveterceira.com\/wp-content\/uploads\/2025\/05\/Third-Island-Auto-4.jpg&#8221; global_colors_info=&#8221;{}&#8221;][et_pb_row _builder_version=&#8221;4.27.4&#8243; _module_preset=&#8221;default&#8221; global_colors_info=&#8221;{}&#8221;][et_pb_column type=&#8221;4_4&#8243; _builder_version=&#8221;4.27.4&#8243; _module_preset=&#8221;default&#8221; global_colors_info=&#8221;{}&#8221;][et_pb_text _builder_version=&#8221;4.27.4&#8243; _module_preset=&#8221;default&#8221; header_font=&#8221;|||on|||||&#8221; header_text_align=&#8221;center&#8221; header_text_color=&#8221;#FFFFFF&#8221; header_font_size=&#8221;50px&#8221; header_line_height=&#8221;1.3em&#8221; global_colors_info=&#8221;{}&#8221;]<\/p>\n<h1>CONTACTOS<\/h1>\n<p>[\/et_pb_text][\/et_pb_column][\/et_pb_row][\/et_pb_section][et_pb_section fb_built=&#8221;1&#8243; _builder_version=&#8221;4.27.4&#8243; _module_preset=&#8221;default&#8221; global_colors_info=&#8221;{}&#8221;][et_pb_row column_structure=&#8221;1_2,1_2&#8243; make_equal=&#8221;on&#8221; _builder_version=&#8221;4.27.4&#8243; _module_preset=&#8221;default&#8221; width=&#8221;90%&#8221; global_colors_info=&#8221;{}&#8221;][et_pb_column type=&#8221;1_2&#8243; _builder_version=&#8221;4.27.4&#8243; _module_preset=&#8221;default&#8221; custom_css_main_element=&#8221;display:flex;||flex-direction:column;||justify-content:center;&#8221; global_colors_info=&#8221;{}&#8221;][et_pb_text _builder_version=&#8221;4.27.4&#8243; _module_preset=&#8221;default&#8221; global_colors_info=&#8221;{}&#8221;]<\/p>\n<p><strong>Sede social:<\/strong><br \/>Estrada 25 de abril, 180 B<br \/>Praia da Vit\u00f3ria, 9760-403<br \/>Ilha Terceira, A\u00e7ores<\/p>\n<p><strong>Telefone:<\/strong><br \/>00351 930 707 898*<br \/>*ligar para a rede m\u00f3vel nacional<\/p>\n<p><strong>Email:<\/strong><br \/>info@driveterceira.com<\/p>\n<p>[\/et_pb_text][et_pb_social_media_follow _builder_version=&#8221;4.27.4&#8243; _module_preset=&#8221;default&#8221; global_colors_info=&#8221;{}&#8221; disabled_on=&#8221;on|on|on&#8221; disabled=&#8221;on&#8221;][et_pb_social_media_follow_network social_network=&#8221;facebook&#8221; _builder_version=&#8221;4.27.4&#8243; _module_preset=&#8221;default&#8221; background_color=&#8221;#3b5998&#8243; border_radii=&#8221;on|100px|100px|100px|100px&#8221; global_colors_info=&#8221;{}&#8221; follow_button=&#8221;off&#8221; url_new_window=&#8221;on&#8221;]facebook[\/et_pb_social_media_follow_network][\/et_pb_social_media_follow][\/et_pb_column][et_pb_column type=&#8221;1_2&#8243; _builder_version=&#8221;4.27.4&#8243; _module_preset=&#8221;default&#8221; global_colors_info=&#8221;{}&#8221;][et_pb_code _builder_version=&#8221;4.27.4&#8243; _module_preset=&#8221;default&#8221; border_radii=&#8221;on|10px|10px|10px|10px&#8221; global_colors_info=&#8221;{}&#8221;]<iframe src=\"https:\/\/www.google.com\/maps\/embed?pb=!1m18!1m12!1m3!1d1160.1528265647135!2d-27.072900252054872!3d38.73915752779524!2m3!1f0!2f0!3f0!3m2!1i1024!2i768!4f13.1!3m3!1m2!1s0xb45d136050baf4d%3A0xcfe9951d17574214!2sEstr.%2025%20de%20Abril%20180%2C%20Praia%20da%20Vit%C3%B3ria!5e0!3m2!1spt-PT!2spt!4v1747385250483!5m2!1spt-PT!2spt\" width=\"100%\" height=\"450\" style=\"border:0;\" allowfullscreen=\"\" loading=\"lazy\" referrerpolicy=\"no-referrer-when-downgrade\"><\/iframe>[\/et_pb_code][\/et_pb_column][\/et_pb_row][\/et_pb_section]<\/p>\n","protected":false},"excerpt":{"rendered":"<p>CONTACTOSSede social:Estrada 25 de abril, 180 BPraia da Vit\u00f3ria, 9760-403Ilha Terceira, A\u00e7ores Telefone:00351 930 707 898**ligar para a rede m\u00f3vel nacional Email:info@driveterceira.com<\/p>\n","protected":false},"author":1,"featured_media":0,"parent":0,"menu_order":0,"comment_status":"closed","ping_status":"closed","template":"","meta":{"_et_pb_use_builder":"on","_et_pb_old_content":"","_et_gb_content_width":"","footnotes":""},"class_list":["post-98","page","type-page","status-publish","hentry"],"yoast_head":"<!-- This site is optimized with the Yoast SEO plugin v27.2 - https:\/\/yoast.com\/product\/yoast-seo-wordpress\/ -->\n<title>Contactos - Drive Terceira<\/title>\n<meta name=\"robots\" content=\"index, follow, max-snippet:-1, max-image-preview:large, max-video-preview:-1\" \/>\n<link rel=\"canonical\" href=\"https:\/\/www.driveterceira.com\/pt-pt\/contactos\/\" \/>\n<meta property=\"og:locale\" content=\"pt_PT\" \/>\n<meta property=\"og:type\" content=\"article\" \/>\n<meta property=\"og:title\" content=\"Contactos - Drive Terceira\" \/>\n<meta property=\"og:description\" content=\"CONTACTOSSede social:Estrada 25 de abril, 180 BPraia da Vit\u00f3ria, 9760-403Ilha Terceira, A\u00e7ores Telefone:00351 930 707 898**ligar para a rede m\u00f3vel nacional Email:info@driveterceira.com\" \/>\n<meta property=\"og:url\" content=\"https:\/\/www.driveterceira.com\/pt-pt\/contactos\/\" \/>\n<meta property=\"og:site_name\" content=\"Drive Terceira\" \/>\n<meta property=\"article:modified_time\" content=\"2025-06-17T16:20:15+00:00\" \/>\n<meta name=\"twitter:card\" content=\"summary_large_image\" \/>\n<meta name=\"twitter:label1\" content=\"Tempo estimado de leitura\" \/>\n\t<meta name=\"twitter:data1\" content=\"2 minutos\" \/>\n<script type=\"application\/ld+json\" class=\"yoast-schema-graph\">{\"@context\":\"https:\/\/schema.org\",\"@graph\":[{\"@type\":\"WebPage\",\"@id\":\"https:\/\/www.driveterceira.com\/pt-pt\/contactos\/\",\"url\":\"https:\/\/www.driveterceira.com\/pt-pt\/contactos\/\",\"name\":\"Contactos - Drive Terceira\",\"isPartOf\":{\"@id\":\"https:\/\/www.driveterceira.com\/pt-pt\/#website\"},\"datePublished\":\"2025-05-14T09:51:43+00:00\",\"dateModified\":\"2025-06-17T16:20:15+00:00\",\"breadcrumb\":{\"@id\":\"https:\/\/www.driveterceira.com\/pt-pt\/contactos\/#breadcrumb\"},\"inLanguage\":\"pt-PT\",\"potentialAction\":[{\"@type\":\"ReadAction\",\"target\":[\"https:\/\/www.driveterceira.com\/pt-pt\/contactos\/\"]}]},{\"@type\":\"BreadcrumbList\",\"@id\":\"https:\/\/www.driveterceira.com\/pt-pt\/contactos\/#breadcrumb\",\"itemListElement\":[{\"@type\":\"ListItem\",\"position\":1,\"name\":\"Home\",\"item\":\"https:\/\/www.driveterceira.com\/pt-pt\/\"},{\"@type\":\"ListItem\",\"position\":2,\"name\":\"Contactos\"}]},{\"@type\":\"WebSite\",\"@id\":\"https:\/\/www.driveterceira.com\/pt-pt\/#website\",\"url\":\"https:\/\/www.driveterceira.com\/pt-pt\/\",\"name\":\"Drive Terceira\",\"description\":\"Rent-a-Car in Terceira Island, Azores\",\"publisher\":{\"@id\":\"https:\/\/www.driveterceira.com\/pt-pt\/#organization\"},\"potentialAction\":[{\"@type\":\"SearchAction\",\"target\":{\"@type\":\"EntryPoint\",\"urlTemplate\":\"https:\/\/www.driveterceira.com\/pt-pt\/?s={search_term_string}\"},\"query-input\":{\"@type\":\"PropertyValueSpecification\",\"valueRequired\":true,\"valueName\":\"search_term_string\"}}],\"inLanguage\":\"pt-PT\"},{\"@type\":\"Organization\",\"@id\":\"https:\/\/www.driveterceira.com\/pt-pt\/#organization\",\"name\":\"Drive Terceira\",\"url\":\"https:\/\/www.driveterceira.com\/pt-pt\/\",\"logo\":{\"@type\":\"ImageObject\",\"inLanguage\":\"pt-PT\",\"@id\":\"https:\/\/www.driveterceira.com\/pt-pt\/#\/schema\/logo\/image\/\",\"url\":\"https:\/\/www.driveterceira.com\/wp-content\/uploads\/2025\/05\/logo.png\",\"contentUrl\":\"https:\/\/www.driveterceira.com\/wp-content\/uploads\/2025\/05\/logo.png\",\"width\":500,\"height\":92,\"caption\":\"Drive Terceira\"},\"image\":{\"@id\":\"https:\/\/www.driveterceira.com\/pt-pt\/#\/schema\/logo\/image\/\"}}]}<\/script>\n<!-- \/ Yoast SEO plugin. -->","yoast_head_json":{"title":"Contactos - Drive Terceira","robots":{"index":"index","follow":"follow","max-snippet":"max-snippet:-1","max-image-preview":"max-image-preview:large","max-video-preview":"max-video-preview:-1"},"canonical":"https:\/\/www.driveterceira.com\/pt-pt\/contactos\/","og_locale":"pt_PT","og_type":"article","og_title":"Contactos - Drive Terceira","og_description":"CONTACTOSSede social:Estrada 25 de abril, 180 BPraia da Vit\u00f3ria, 9760-403Ilha Terceira, A\u00e7ores Telefone:00351 930 707 898**ligar para a rede m\u00f3vel nacional Email:info@driveterceira.com","og_url":"https:\/\/www.driveterceira.com\/pt-pt\/contactos\/","og_site_name":"Drive Terceira","article_modified_time":"2025-06-17T16:20:15+00:00","twitter_card":"summary_large_image","twitter_misc":{"Tempo estimado de leitura":"2 minutos"},"schema":{"@context":"https:\/\/schema.org","@graph":[{"@type":"WebPage","@id":"https:\/\/www.driveterceira.com\/pt-pt\/contactos\/","url":"https:\/\/www.driveterceira.com\/pt-pt\/contactos\/","name":"Contactos - Drive Terceira","isPartOf":{"@id":"https:\/\/www.driveterceira.com\/pt-pt\/#website"},"datePublished":"2025-05-14T09:51:43+00:00","dateModified":"2025-06-17T16:20:15+00:00","breadcrumb":{"@id":"https:\/\/www.driveterceira.com\/pt-pt\/contactos\/#breadcrumb"},"inLanguage":"pt-PT","potentialAction":[{"@type":"ReadAction","target":["https:\/\/www.driveterceira.com\/pt-pt\/contactos\/"]}]},{"@type":"BreadcrumbList","@id":"https:\/\/www.driveterceira.com\/pt-pt\/contactos\/#breadcrumb","itemListElement":[{"@type":"ListItem","position":1,"name":"Home","item":"https:\/\/www.driveterceira.com\/pt-pt\/"},{"@type":"ListItem","position":2,"name":"Contactos"}]},{"@type":"WebSite","@id":"https:\/\/www.driveterceira.com\/pt-pt\/#website","url":"https:\/\/www.driveterceira.com\/pt-pt\/","name":"Drive Terceira","description":"Rent-a-Car in Terceira Island, Azores","publisher":{"@id":"https:\/\/www.driveterceira.com\/pt-pt\/#organization"},"potentialAction":[{"@type":"SearchAction","target":{"@type":"EntryPoint","urlTemplate":"https:\/\/www.driveterceira.com\/pt-pt\/?s={search_term_string}"},"query-input":{"@type":"PropertyValueSpecification","valueRequired":true,"valueName":"search_term_string"}}],"inLanguage":"pt-PT"},{"@type":"Organization","@id":"https:\/\/www.driveterceira.com\/pt-pt\/#organization","name":"Drive Terceira","url":"https:\/\/www.driveterceira.com\/pt-pt\/","logo":{"@type":"ImageObject","inLanguage":"pt-PT","@id":"https:\/\/www.driveterceira.com\/pt-pt\/#\/schema\/logo\/image\/","url":"https:\/\/www.driveterceira.com\/wp-content\/uploads\/2025\/05\/logo.png","contentUrl":"https:\/\/www.driveterceira.com\/wp-content\/uploads\/2025\/05\/logo.png","width":500,"height":92,"caption":"Drive Terceira"},"image":{"@id":"https:\/\/www.driveterceira.com\/pt-pt\/#\/schema\/logo\/image\/"}}]}},"_links":{"self":[{"href":"https:\/\/www.driveterceira.com\/pt-pt\/wp-json\/wp\/v2\/pages\/98","targetHints":{"allow":["GET"]}}],"collection":[{"href":"https:\/\/www.driveterceira.com\/pt-pt\/wp-json\/wp\/v2\/pages"}],"about":[{"href":"https:\/\/www.driveterceira.com\/pt-pt\/wp-json\/wp\/v2\/types\/page"}],"author":[{"embeddable":true,"href":"https:\/\/www.driveterceira.com\/pt-pt\/wp-json\/wp\/v2\/users\/1"}],"replies":[{"embeddable":true,"href":"https:\/\/www.driveterceira.com\/pt-pt\/wp-json\/wp\/v2\/comments?post=98"}],"version-history":[{"count":11,"href":"https:\/\/www.driveterceira.com\/pt-pt\/wp-json\/wp\/v2\/pages\/98\/revisions"}],"predecessor-version":[{"id":269,"href":"https:\/\/www.driveterceira.com\/pt-pt\/wp-json\/wp\/v2\/pages\/98\/revisions\/269"}],"wp:attachment":[{"href":"https:\/\/www.driveterceira.com\/pt-pt\/wp-json\/wp\/v2\/media?parent=98"}],"curies":[{"name":"wp","href":"https:\/\/api.w.org\/{rel}","templated":true}]}}